{"id":48,"date":"2014-08-03T11:34:03","date_gmt":"2014-08-03T09:34:03","guid":{"rendered":"http:\/\/litex.mkits.biz\/?page_id=48"},"modified":"2015-06-15T20:07:45","modified_gmt":"2015-06-15T18:07:45","slug":"impressum","status":"publish","type":"page","link":"https:\/\/dev.litex-gmbh.de\/?page_id=48","title":{"rendered":"Impressum"},"content":{"rendered":"<p><span style=\"color: #000000;\">\u00a0<\/span><\/p>\n<h3><span style=\"color: #000000;\">LITEX\u00a0<\/span><br \/>\n<span style=\"color: #000000;\"> Anlagen f\u00fcr vertikalen Sonnenschutz GmbH<\/span><\/h3>\n<p><span style=\"color: #000000;\">Warnstedtstra\u00dfe 14b<\/span><br \/>\n<span style=\"color: #000000;\"> 22525 Hamburg<\/span><\/p>\n<p><span style=\"color: #000000;\">Tel.: \u00a0+49 40 391144<\/span><br \/>\n<span style=\"color: #000000;\"> Fax: \u00a0+49\u00a040 <span class=\"Apple-style-span\">3906342<\/span><br \/>\nE-Mail: info@litex-gmbh.de<\/span><\/p>\n<p><span style=\"color: #000000;\">Gesch\u00e4ftsf\u00fchrer: Holger Lorich<br \/>\n<\/span><\/p>\n<p><span style=\"color: #000000;\">Eingetragen unter HRB 13443<\/span><br \/>\n<span style=\"color: #000000;\"> beim Amtsgericht Hamburg<\/span><\/p>\n<p><span style=\"color: #000000;\">USt-ID.: DE 118566073<\/span><\/p>\n<p><span style=\"color: #000000;\">\u00a0<\/span><\/p>\n<p><span style=\"color: #000000;\">\u00a0<\/span><\/p>\n<h3><span style=\"color: #000000;\">SOLEX\u00a0<\/span><br \/>\n<span class=\"Apple-style-span\" style=\"color: #000000;\"><strong>Vertriebsgesellschaft f\u00fcr Sonnenschutzanlagen mbh<\/strong><\/span><\/h3>\n<p><span style=\"color: #000000;\">Warnstedtstra\u00dfe 14b<\/span><br \/>\n<span style=\"color: #000000;\"> 22525 Hamburg<\/span><\/p>\n<p><span style=\"color: #000000;\">Tel.: \u00a0+49\u00a040\u00a03906099<\/span><br \/>\n<span style=\"color: #000000;\"> Fax: \u00a0+49\u00a040\u00a0395430<br \/>\nE-Mail: info@solex-gmbh.de<\/span><\/p>\n<p><span style=\"color: #000000;\">Gesch\u00e4ftsf\u00fchrer: Holger Lorich<br \/>\n<\/span><\/p>\n<p><span style=\"color: #000000;\">Eingetragen unter HRB\u00a049792<\/span><br \/>\n<span style=\"color: #000000;\"> beim Amtsgericht Hamburg<\/span><\/p>\n<p><span style=\"color: #000000;\">USt-ID.:\u00a0DE 118575548<\/span><\/p>\n<p><span class=\"Apple-style-span\" style=\"color: #000000;\"><b>\u00a0<\/b><\/span><\/p>\n<h3><span class=\"Apple-style-span\" style=\"color: #000000;\">Wichtige Hinweis:<\/span><\/h3>\n<p><span style=\"color: #000000;\">F\u00fcr die Inhalte verlinkter Seiten \u00fcbernehmen wir keine Haftung.\u00a0Alle hier aufgef\u00fchrten Texte und Bilder sind urheberrechtlich gesch\u00fctzt und d\u00fcrfen nur mit schriftlicher Genehmigung kopiert bzw. benutzt werden.<\/span><\/p>\n<p><span style=\"color: #000000;\">\u00a0<\/span><\/p>\n","protected":false},"excerpt":{"rendered":"<p>\u00a0 LITEX\u00a0 Anlagen f\u00fcr vertikalen Sonnenschutz GmbH Warnstedtstra\u00dfe 14b 22525 Hamburg Tel.: \u00a0+49 40 391144 Fax: \u00a0+49\u00a040 3906342 E-Mail: info@litex-gmbh.de Gesch\u00e4ftsf\u00fchrer: Holger Lorich Eingetragen unter HRB 13443 beim Amtsgericht Hamburg USt-ID.: DE 118566073 \u00a0 \u00a0 SOLEX\u00a0 Vertriebsgesellschaft f\u00fcr Sonnenschutzanlagen mbh Warnstedtstra\u00dfe 14b 22525 Hamburg Tel.: \u00a0+49\u00a040\u00a03906099 Fax: \u00a0+49\u00a040\u00a0395430 E-Mail: info@solex-gmbh.de Gesch\u00e4ftsf\u00fchrer: Holger Lorich Eingetragen unter [&hellip;]<\/p>\n","protected":false},"author":1,"featured_media":0,"parent":0,"menu_order":0,"comment_status":"open","ping_status":"open","template":"","meta":{"_et_pb_use_builder":"","_et_pb_old_content":""},"_links":{"self":[{"href":"https:\/\/dev.litex-gmbh.de\/index.php?rest_route=\/wp\/v2\/pages\/48"}],"collection":[{"href":"https:\/\/dev.litex-gmbh.de\/index.php?rest_route=\/wp\/v2\/pages"}],"about":[{"href":"https:\/\/dev.litex-gmbh.de\/index.php?rest_route=\/wp\/v2\/types\/page"}],"author":[{"embeddable":true,"href":"https:\/\/dev.litex-gmbh.de\/index.php?rest_route=\/wp\/v2\/users\/1"}],"replies":[{"embeddable":true,"href":"https:\/\/dev.litex-gmbh.de\/index.php?rest_route=%2Fwp%2Fv2%2Fcomments&post=48"}],"version-history":[{"count":23,"href":"https:\/\/dev.litex-gmbh.de\/index.php?rest_route=\/wp\/v2\/pages\/48\/revisions"}],"predecessor-version":[{"id":1645,"href":"https:\/\/dev.litex-gmbh.de\/index.php?rest_route=\/wp\/v2\/pages\/48\/revisions\/1645"}],"wp:attachment":[{"href":"https:\/\/dev.litex-gmbh.de\/index.php?rest_route=%2Fwp%2Fv2%2Fmedia&parent=48"}],"curies":[{"name":"wp","href":"https:\/\/api.w.org\/{rel}","templated":true}]}}