{"id":44,"date":"2014-08-03T11:33:21","date_gmt":"2014-08-03T09:33:21","guid":{"rendered":"http:\/\/litex.mkits.biz\/?page_id=44"},"modified":"2019-04-06T15:24:15","modified_gmt":"2019-04-06T13:24:15","slug":"stil-garnituren","status":"publish","type":"page","link":"https:\/\/dev.litex-gmbh.de\/?page_id=44","title":{"rendered":"KONTAKT"},"content":{"rendered":"<p>[et_pb_section fb_built=&#8220;1&#8243; _builder_version=&#8220;3.0.47&#8243;][et_pb_row _builder_version=&#8220;3.0.48&#8243; background_size=&#8220;initial&#8220; background_position=&#8220;top_left&#8220; background_repeat=&#8220;repeat&#8220;][et_pb_column type=&#8220;4_4&#8243; _builder_version=&#8220;3.0.47&#8243; parallax=&#8220;off&#8220; parallax_method=&#8220;on&#8220;][et_pb_text _builder_version=&#8220;3.0.74&#8243; background_size=&#8220;initial&#8220; background_position=&#8220;top_left&#8220; background_repeat=&#8220;repeat&#8220;]<\/p>\n<div class=\"csc-header csc-header-n2\">\n<h3><span color=\"#000000\" style=\"color: #000000;\"><span style=\"caret-color: #000000;\">KONTAKT<\/span><\/span><\/h3>\n<\/div>\n<h4><strong><span class=\"subheadline\"><\/span><\/strong><\/h4>\n<p><strong><span class=\"subheadline\">Lieferanschrift \/\u00a0Rechnungsanschrift<br \/><\/span><\/strong><\/p>\n<h4><strong>LITEX GmbH<\/strong><\/h4>\n<h4><span>Warnstedtstra\u00dfe 14b<\/span><br \/><span>22525 Hamburg<\/span><\/h4>\n<h4 style=\"text-align: left;\"><span class=\"Apple-style-span\">Telefon:\u00a0 +49\u00a040 391144<br \/>Telefax: \u00a0 +49\u00a040 3906342<br \/>E-Mail:\u00a0\u00a0 \u00a0\u00a0<a>info@litex-gmbh.de<\/a><\/span><\/h4>\n<h4><span>\u00a0<\/span><\/h4>\n<h4><strong>F\u00fcr den au\u00dfenliegenden Sonnenschutz<\/strong><\/h4>\n<h4><span class=\"subheadline\">Lieferanschrift \/\u00a0Rechnungsanschrift<\/span><\/h4>\n<p><span class=\"subheadline\"><\/span><\/p>\n<h4><span><strong>SOLEX<\/strong>\u00a0<strong>Vertriebsgesellschaft f\u00fcr Sonnenschutzanlagen mbh<\/strong><\/span><\/h4>\n<h4><span>Warnstedtstra\u00dfe 14b<\/span><br \/><span>22525 Hamburg<\/span><\/h4>\n<h4><span class=\"Apple-style-span\">Telefon:\u00a0 +49\u00a040\u00a03906099<br \/>Telefax: \u00a0 +49\u00a040\u00a0395430<br \/>E-Mail:\u00a0\u00a0 \u00a0\u00a0<a>info@solex-gmbh.de<\/a><\/span><\/h4>\n<h4><span>\u00a0<\/span><\/h4>\n<div><\/div>\n<p>Ihre Fragen und Anmerkungen sind jederzeit willkommen.<\/p>\n<div><span style=\"color: #000000;\">\u00a0<\/span><\/div>\n<p style=\"text-align: left;\"><span style=\"color: #000000;\">\u00a0<\/span><\/p>\n<p>[\/et_pb_text][\/et_pb_column][\/et_pb_row][\/et_pb_section]<\/p>\n","protected":false},"excerpt":{"rendered":"<p>[et_pb_section fb_built=&#8220;1&#8243; _builder_version=&#8220;3.0.47&#8243;][et_pb_row _builder_version=&#8220;3.0.48&#8243; background_size=&#8220;initial&#8220; background_position=&#8220;top_left&#8220; background_repeat=&#8220;repeat&#8220;][et_pb_column type=&#8220;4_4&#8243; _builder_version=&#8220;3.0.47&#8243; parallax=&#8220;off&#8220; parallax_method=&#8220;on&#8220;][et_pb_text _builder_version=&#8220;3.0.74&#8243; background_size=&#8220;initial&#8220; background_position=&#8220;top_left&#8220; background_repeat=&#8220;repeat&#8220;] KONTAKT Lieferanschrift \/\u00a0Rechnungsanschrift LITEX GmbH Warnstedtstra\u00dfe 14b22525 Hamburg Telefon:\u00a0 +49\u00a040 391144Telefax: \u00a0 +49\u00a040 3906342E-Mail:\u00a0\u00a0 \u00a0\u00a0info@litex-gmbh.de \u00a0 F\u00fcr den au\u00dfenliegenden Sonnenschutz Lieferanschrift \/\u00a0Rechnungsanschrift SOLEX\u00a0Vertriebsgesellschaft f\u00fcr Sonnenschutzanlagen mbh Warnstedtstra\u00dfe 14b22525 Hamburg Telefon:\u00a0 +49\u00a040\u00a03906099Telefax: \u00a0 +49\u00a040\u00a0395430E-Mail:\u00a0\u00a0 \u00a0\u00a0info@solex-gmbh.de \u00a0 Ihre Fragen und Anmerkungen sind [&hellip;]<\/p>\n","protected":false},"author":1,"featured_media":0,"parent":0,"menu_order":0,"comment_status":"open","ping_status":"open","template":"","meta":{"_et_pb_use_builder":"on","_et_pb_old_content":"<div class=\"csc-header csc-header-n2\">\n<h3><span style=\"color: #000000;\">... stilvolles Design<a href=\"wp-content\/uploads\/2014\/12\/Panel-Stil-Garnituren.png\"><img class=\"alignright size-full wp-image-1252\" src=\"wp-content\/uploads\/2014\/12\/Panel-Stil-Garnituren.png\" alt=\"Panel-Stil-Garnituren\" width=\"378\" height=\"532\"><\/a><\/span><\/h3>\n<\/div>\n<p class=\"bodytext\"><span style=\"color: #000000;\">Ob modern, klassisch oder rustikal \u2013 Vorhangstangen unterst\u00fctzen jeden individuellen Geschmack und Wohnstil. Unter einer gro\u00dfen Auswahl an Typen, Formen und Farben findet sich f\u00fcr jede Raumgestaltung etwas Passendes. Egal ob aus Metall, Holz oder Kunststoff \u2013 alle Vorhangstangen lassen sich f\u00fcr jedes Fenster ma\u00dfschneidern. Erg\u00e4nzt wird diese Produktpalette durch ein reichhaltiges Sortiment an Dekorationszubeh\u00f6r.<\/span><\/p>\n\n<h2><span class=\"Apple-style-span\" style=\"color: #000000;\">&nbsp;<\/span><\/h2>\n<div><span style=\"color: #000000;\">&nbsp;<\/span><\/div>\n<p style=\"text-align: left;\"><span style=\"color: #000000;\">&nbsp;<\/span><\/p>"},"_links":{"self":[{"href":"https:\/\/dev.litex-gmbh.de\/index.php?rest_route=\/wp\/v2\/pages\/44"}],"collection":[{"href":"https:\/\/dev.litex-gmbh.de\/index.php?rest_route=\/wp\/v2\/pages"}],"about":[{"href":"https:\/\/dev.litex-gmbh.de\/index.php?rest_route=\/wp\/v2\/types\/page"}],"author":[{"embeddable":true,"href":"https:\/\/dev.litex-gmbh.de\/index.php?rest_route=\/wp\/v2\/users\/1"}],"replies":[{"embeddable":true,"href":"https:\/\/dev.litex-gmbh.de\/index.php?rest_route=%2Fwp%2Fv2%2Fcomments&post=44"}],"version-history":[{"count":28,"href":"https:\/\/dev.litex-gmbh.de\/index.php?rest_route=\/wp\/v2\/pages\/44\/revisions"}],"predecessor-version":[{"id":2424,"href":"https:\/\/dev.litex-gmbh.de\/index.php?rest_route=\/wp\/v2\/pages\/44\/revisions\/2424"}],"wp:attachment":[{"href":"https:\/\/dev.litex-gmbh.de\/index.php?rest_route=%2Fwp%2Fv2%2Fmedia&parent=44"}],"curies":[{"name":"wp","href":"https:\/\/api.w.org\/{rel}","templated":true}]}}